{"id":1328,"date":"2026-05-07T15:09:26","date_gmt":"2026-05-07T14:09:26","guid":{"rendered":"https:\/\/bambuszliget.hu\/?page_id=1328"},"modified":"2026-05-11T15:57:11","modified_gmt":"2026-05-11T14:57:11","slug":"asztalfoglalas","status":"publish","type":"page","link":"https:\/\/bambuszliget.hu\/hu_hu\/asztalfoglalas\/","title":{"rendered":"Asztalfoglal\u00e1s"},"content":{"rendered":"<p>[et_pb_section fb_built=&#8221;1&#8243; admin_label=&#8221;Footer&#8221; module_id=&#8221;asztalfoglalas&#8221; _builder_version=&#8221;4.27.4&#8243; background_color=&#8221;#000000&#8243; background_enable_image=&#8221;off&#8221; custom_margin=&#8221;0px||0px||true|false&#8221; custom_padding=&#8221;||0px||false|false&#8221; saved_tabs=&#8221;all&#8221; locked=&#8221;off&#8221; collapsed=&#8221;off&#8221; global_colors_info=&#8221;{}&#8221;][et_pb_row _builder_version=&#8221;4.27.4&#8243; _module_preset=&#8221;default&#8221; min_height=&#8221;150px&#8221; global_colors_info=&#8221;{}&#8221;][et_pb_column type=&#8221;4_4&#8243; _builder_version=&#8221;4.27.4&#8243; _module_preset=&#8221;default&#8221; global_colors_info=&#8221;{}&#8221;][et_pb_text module_id=&#8221;kapcsolat&#8221; _builder_version=&#8221;4.27.6&#8243; _module_preset=&#8221;default&#8221; text_font=&#8221;Montserrat||||||||&#8221; text_text_color=&#8221;#FFFFFF&#8221; text_font_size=&#8221;49px&#8221; text_letter_spacing=&#8221;10px&#8221; text_line_height=&#8221;1.2em&#8221; animation_style=&#8221;fade&#8221; scroll_vertical_motion=&#8221;0|50|50|100|1|0|-1&#8243; text_font_size_tablet=&#8221;60px&#8221; text_font_size_phone=&#8221;20px&#8221; text_font_size_last_edited=&#8221;on|desktop&#8221; text_letter_spacing_tablet=&#8221;7px&#8221; text_letter_spacing_phone=&#8221;6px&#8221; text_letter_spacing_last_edited=&#8221;on|phone&#8221; global_colors_info=&#8221;{}&#8221;]<\/p>\n<p style=\"text-align: center;\"><strong>ASZTALFOGLAL\u00c1S<\/strong><\/p>\n<p>[\/et_pb_text][\/et_pb_column][\/et_pb_row][et_pb_row _builder_version=&#8221;4.27.4&#8243; _module_preset=&#8221;default&#8221; global_colors_info=&#8221;{}&#8221;][et_pb_column type=&#8221;4_4&#8243; _builder_version=&#8221;4.27.4&#8243; _module_preset=&#8221;default&#8221; global_colors_info=&#8221;{}&#8221;][et_pb_contact_form email=&#8221;bambuszliget.asztalfoglalas@gmail.com&#8221; title=&#8221;FOGLALJ ASZTALT&#8221; custom_message=&#8221;||et_pb_line_break_holder||||et_pb_line_break_holder||N\u00e9v:  %%N\u00e9v%%||et_pb_line_break_holder||Telefonsz\u00e1m:  %%Telefonsz\u00e1m%%||et_pb_line_break_holder||D\u00e1tum: %%D\u00e1tum%%||et_pb_line_break_holder||Id\u0151pont:  %%Id\u0151pont%%||et_pb_line_break_holder||L\u00e9tsz\u00e1m:  %%L\u00e9tsz\u00e1m%%||et_pb_line_break_holder||Allergia:  %%Allergia%%||et_pb_line_break_holder||Megjegyz\u00e9s:  %%Megjegyz\u00e9s%%||et_pb_line_break_holder||Email:  %%Email%%||et_pb_line_break_holder||||et_pb_line_break_holder||||et_pb_line_break_holder||&#8221; success_message=&#8221;K\u00f6sz\u00f6nj\u00fck, a foglal\u00e1s sikeres! V\u00e1rni fogjuk \u00f6n\u00f6ket&#8221; submit_button_text=&#8221;K\u00dcLD\u00c9S&#8221; _builder_version=&#8221;4.27.6&#8243; _module_preset=&#8221;default&#8221; _unique_id=&#8221;88675321-4d8f-4da6-a46e-dae696c0b7df&#8221; form_field_background_color=&#8221;#D6D6D6&#8243; form_field_text_color=&#8221;#000000&#8243; form_field_focus_background_color=&#8221;#FFFFFF&#8221; title_font=&#8221;Montserrat|600|||||||&#8221; title_text_color=&#8221;#FFFFFF&#8221; title_font_size=&#8221;30px&#8221; title_letter_spacing=&#8221;1px&#8221; title_line_height=&#8221;1.5em&#8221; captcha_font=&#8221;Montserrat||||||||&#8221; captcha_text_color=&#8221;#FFFFFF&#8221; captcha_font_size=&#8221;14px&#8221; form_field_font=&#8221;Montserrat|500|||||||&#8221; form_field_line_height=&#8221;1em&#8221; custom_button=&#8221;on&#8221; button_text_size=&#8221;20px&#8221; button_text_color=&#8221;#FFFFFF&#8221; button_border_width=&#8221;0px&#8221; button_border_radius=&#8221;0px&#8221; button_font=&#8221;Montserrat||||||||&#8221; button_use_icon=&#8221;off&#8221; width=&#8221;100%&#8221; max_width=&#8221;80%&#8221; module_alignment=&#8221;center&#8221; min_height=&#8221;400px&#8221; animation_style=&#8221;fade&#8221; hover_enabled=&#8221;0&#8243; border_radii=&#8221;on|2px|2px|2px|2px&#8221; border_width_all=&#8221;2px&#8221; box_shadow_style=&#8221;preset2&#8243; box_shadow_position=&#8221;inner&#8221; global_colors_info=&#8221;{}&#8221; button_border_width__hover_enabled=&#8221;on|desktop&#8221; button_border_radius__hover_enabled=&#8221;on|hover&#8221; button_border_radius__hover=&#8221;0px&#8221; button_border_width__hover=&#8221;3px&#8221; button_bg_color__hover_enabled=&#8221;on|desktop&#8221; sticky_enabled=&#8221;0&#8243;][et_pb_contact_field field_id=&#8221;N\u00e9v&#8221; field_title=&#8221;N\u00e9v&#8221; _builder_version=&#8221;4.27.6&#8243; form_field_text_align=&#8221;center&#8221; global_colors_info=&#8221;{}&#8221; button_text_size__hover_enabled=&#8221;off&#8221; button_one_text_size__hover_enabled=&#8221;off&#8221; button_two_text_size__hover_enabled=&#8221;off&#8221; button_text_color__hover_enabled=&#8221;off&#8221; button_one_text_color__hover_enabled=&#8221;off&#8221; button_two_text_color__hover_enabled=&#8221;off&#8221; button_border_width__hover_enabled=&#8221;off&#8221; button_one_border_width__hover_enabled=&#8221;off&#8221; button_two_border_width__hover_enabled=&#8221;off&#8221; button_border_color__hover_enabled=&#8221;off&#8221; button_one_border_color__hover_enabled=&#8221;off&#8221; button_two_border_color__hover_enabled=&#8221;off&#8221; button_border_radius__hover_enabled=&#8221;off&#8221; button_one_border_radius__hover_enabled=&#8221;off&#8221; button_two_border_radius__hover_enabled=&#8221;off&#8221; button_letter_spacing__hover_enabled=&#8221;off&#8221; button_one_letter_spacing__hover_enabled=&#8221;off&#8221; button_two_letter_spacing__hover_enabled=&#8221;off&#8221; button_bg_color__hover_enabled=&#8221;off&#8221; button_one_bg_color__hover_enabled=&#8221;off&#8221; button_two_bg_color__hover_enabled=&#8221;off&#8221;][\/et_pb_contact_field][et_pb_contact_field field_id=&#8221;Telefonsz\u00e1m&#8221; field_title=&#8221;Telefon&#8221; _builder_version=&#8221;4.27.6&#8243; _module_preset=&#8221;default&#8221; form_field_text_align=&#8221;center&#8221; global_colors_info=&#8221;{}&#8221;][\/et_pb_contact_field][et_pb_contact_field field_id=&#8221;Id\u0151pont&#8221; field_title=&#8221;Id\u0151:    (Nyitvatart\u00e1s  12:00 &#8212; 21:30)&#8221; _builder_version=&#8221;4.27.6&#8243; _module_preset=&#8221;default&#8221; form_field_text_align=&#8221;center&#8221; form_field_font_size=&#8221;12px&#8221; global_colors_info=&#8221;{}&#8221;][\/et_pb_contact_field][et_pb_contact_field field_id=&#8221;D\u00e1tum&#8221; field_title=&#8221;D\u00e1tum&#8221; _builder_version=&#8221;4.27.6&#8243; _module_preset=&#8221;default&#8221; form_field_text_align=&#8221;center&#8221; form_field_font_size=&#8221;12px&#8221; global_colors_info=&#8221;{}&#8221;][\/et_pb_contact_field][et_pb_contact_field field_id=&#8221;L\u00e9tsz\u00e1m&#8221; field_title=&#8221;L\u00e9tsz\u00e1m&#8221; _builder_version=&#8221;4.27.6&#8243; _module_preset=&#8221;default&#8221; form_field_text_align=&#8221;center&#8221; global_colors_info=&#8221;{}&#8221;][\/et_pb_contact_field][et_pb_contact_field field_id=&#8221;Email&#8221; field_title=&#8221;Email&#8221; field_type=&#8221;email&#8221; _builder_version=&#8221;4.27.6&#8243; _module_preset=&#8221;default&#8221; form_field_text_align=&#8221;center&#8221; global_colors_info=&#8221;{}&#8221;][\/et_pb_contact_field][et_pb_contact_field field_id=&#8221;Allergia&#8221; field_title=&#8221;Van esetleg \u00e9telallergi\u00e1ja vagy \u00e9telintoleranci\u00e1ja, amir\u0151l tudnunk kell?&#8221; field_type=&#8221;text&#8221; fullwidth_field=&#8221;on&#8221; _builder_version=&#8221;4.27.6&#8243; _module_preset=&#8221;default&#8221; form_field_text_align=&#8221;center&#8221; form_field_letter_spacing=&#8221;0px&#8221; form_field_line_height=&#8221;1.5em&#8221; global_colors_info=&#8221;{}&#8221;][\/et_pb_contact_field][et_pb_contact_field field_id=&#8221;Megjegyz\u00e9s&#8221; field_title=&#8221;Megjegyz\u00e9s&#8221; field_type=&#8221;text&#8221; required_mark=&#8221;off&#8221; fullwidth_field=&#8221;on&#8221; _builder_version=&#8221;4.27.6&#8243; form_field_text_align=&#8221;center&#8221; form_field_line_height=&#8221;1.1em&#8221; border_radii=&#8221;on|0px|0px|0px|0px&#8221; global_colors_info=&#8221;{}&#8221; button_text_size__hover_enabled=&#8221;off&#8221; button_one_text_size__hover_enabled=&#8221;off&#8221; button_two_text_size__hover_enabled=&#8221;off&#8221; button_text_color__hover_enabled=&#8221;off&#8221; button_one_text_color__hover_enabled=&#8221;off&#8221; button_two_text_color__hover_enabled=&#8221;off&#8221; button_border_width__hover_enabled=&#8221;off&#8221; button_one_border_width__hover_enabled=&#8221;off&#8221; button_two_border_width__hover_enabled=&#8221;off&#8221; button_border_color__hover_enabled=&#8221;off&#8221; button_one_border_color__hover_enabled=&#8221;off&#8221; button_two_border_color__hover_enabled=&#8221;off&#8221; button_border_radius__hover_enabled=&#8221;off&#8221; button_one_border_radius__hover_enabled=&#8221;off&#8221; button_two_border_radius__hover_enabled=&#8221;off&#8221; button_letter_spacing__hover_enabled=&#8221;off&#8221; button_one_letter_spacing__hover_enabled=&#8221;off&#8221; button_two_letter_spacing__hover_enabled=&#8221;off&#8221; button_bg_color__hover_enabled=&#8221;off&#8221; button_one_bg_color__hover_enabled=&#8221;off&#8221; button_two_bg_color__hover_enabled=&#8221;off&#8221;][\/et_pb_contact_field][\/et_pb_contact_form][\/et_pb_column][\/et_pb_row][et_pb_row column_structure=&#8221;1_2,1_2&#8243; use_custom_gutter=&#8221;on&#8221; make_equal=&#8221;on&#8221; _builder_version=&#8221;4.27.4&#8243; width=&#8221;100%&#8221; max_width=&#8221;1200px&#8221; custom_padding=&#8221;||0px|||&#8221; global_colors_info=&#8221;{}&#8221;][et_pb_column type=&#8221;1_2&#8243; _builder_version=&#8221;4.27.4&#8243; background_enable_color=&#8221;off&#8221; background_enable_image=&#8221;off&#8221; custom_padding=&#8221;100px|0px|100px|0%|true|false&#8221; custom_padding_tablet=&#8221;60px|10%|60px|10%|true|true&#8221; custom_padding_phone=&#8221;&#8221; custom_padding_last_edited=&#8221;on|desktop&#8221; global_colors_info=&#8221;{}&#8221;][et_pb_image src=&#8221;https:\/\/bambuszliget.hu\/sushibudapest\/files\/2024\/12\/bambuszliget_logo_feher_-Png-e1736073516247.png&#8221; title_text=&#8221;bambuszliget_logo_feher_ Png&#8221; align_tablet=&#8221;&#8221; align_phone=&#8221;center&#8221; align_last_edited=&#8221;on|phone&#8221; disabled_on=&#8221;off|off|off&#8221; _builder_version=&#8221;4.27.4&#8243; _module_preset=&#8221;default&#8221; transform_scale_tablet=&#8221;&#8221; transform_scale_phone=&#8221;&#8221; transform_scale_last_edited=&#8221;on|phone&#8221; transform_translate_tablet=&#8221;25px|0px&#8221; transform_translate_phone=&#8221;12px|0px&#8221; transform_translate_last_edited=&#8221;on|phone&#8221; transform_translate_linked_tablet=&#8221;off&#8221; transform_rotate_tablet=&#8221;&#8221; transform_rotate_phone=&#8221;&#8221; transform_rotate_last_edited=&#8221;on|phone&#8221; transform_skew_tablet=&#8221;&#8221; transform_skew_phone=&#8221;&#8221; transform_skew_last_edited=&#8221;on|phone&#8221; transform_origin_tablet=&#8221;&#8221; transform_origin_phone=&#8221;&#8221; transform_origin_last_edited=&#8221;on|phone&#8221; transform_styles_last_edited=&#8221;on|phone&#8221; width=&#8221;100%&#8221; max_width=&#8221;41%&#8221; module_alignment=&#8221;center&#8221; height_tablet=&#8221;&#8221; height_phone=&#8221;&#8221; height_last_edited=&#8221;on|phone&#8221; custom_margin=&#8221;|0px||0px|false|true&#8221; custom_padding=&#8221;0px|0px|0px|0px|true|true&#8221; scroll_horizontal_motion_enable=&#8221;off&#8221; scroll_horizontal_motion=&#8221;0|50|50|100|1|0|-1&#8243; transform_styles_tablet=&#8221;&#8221; transform_styles_phone=&#8221;&#8221; sticky_position_tablet=&#8221;&#8221; sticky_position_phone=&#8221;&#8221; sticky_position_last_edited=&#8221;on|phone&#8221; global_colors_info=&#8221;{}&#8221; custom_margin__hover_enabled=&#8221;off|desktop&#8221; height__hover_enabled=&#8221;off|desktop&#8221;][\/et_pb_image][\/et_pb_column][et_pb_column type=&#8221;1_2&#8243; _builder_version=&#8221;4.16&#8243; custom_padding=&#8221;100px||100px||true|false&#8221; custom_padding_tablet=&#8221;60px||60px||true|false&#8221; custom_padding_phone=&#8221;&#8221; custom_padding_last_edited=&#8221;on|desktop&#8221; global_colors_info=&#8221;{}&#8221;][et_pb_text content_tablet=&#8221;<\/p>\n<p><strong>NYITVATART\u00c1S<\/strong><\/p>\n<p>Mindennap<b>:   <\/b>12:00 &#8211; 22:00<\/p>\n<p>&#8221; content_phone=&#8221;<\/p>\n<p><strong>NYITVATART\u00c1S<\/strong><\/p>\n<p>Mindennap<b>:   <\/b>12:00 &#8211; 22:00<\/p>\n<p>&#8221; content_last_edited=&#8221;on|phone&#8221; _builder_version=&#8221;4.27.4&#8243; text_font=&#8221;Montserrat||||||||&#8221; text_text_color=&#8221;#FFFFFF&#8221; text_font_size=&#8221;20px&#8221; text_line_height=&#8221;0.5em&#8221; link_text_color=&#8221;#df5518&#8243; header_6_font_size=&#8221;16px&#8221; header_6_line_height=&#8221;1.4em&#8221; text_orientation=&#8221;center&#8221; width=&#8221;100%&#8221; text_font_size_tablet=&#8221;24px&#8221; text_font_size_phone=&#8221;16px&#8221; text_font_size_last_edited=&#8221;on|tablet&#8221; locked=&#8221;off&#8221; global_colors_info=&#8221;{}&#8221;]<\/p>\n<p style=\"text-align: left;\"><strong>NYITVATART\u00c1S<\/strong><\/p>\n<p style=\"text-align: left;\">Mindennap<b>: \u00a0 <\/b>12:00 &#8211; 22:00<\/p>\n<p>[\/et_pb_text][et_pb_text content_tablet=&#8221;<\/p>\n<h6>1056 Budapest, Belgr\u00e1d rkp. 18.<\/h6>\n<p>&#8221; content_phone=&#8221;<\/p>\n<h6>1056 Budapest, Belgr\u00e1d rkp. 18.<\/h6>\n<p>&#8221; content_last_edited=&#8221;on|desktop&#8221; _builder_version=&#8221;4.27.4&#8243; text_font=&#8221;Roboto Slab||||||||&#8221; text_text_color=&#8221;#df5518&#8243; text_font_size=&#8221;28px&#8221; text_line_height=&#8221;1em&#8221; link_text_color=&#8221;#df5518&#8243; header_6_font=&#8221;Montserrat||||||||&#8221; header_6_text_color=&#8221;#FFFFFF&#8221; header_6_font_size=&#8221;16px&#8221; header_6_line_height=&#8221;1.4em&#8221; text_orientation=&#8221;center&#8221; module_alignment=&#8221;center&#8221; text_font_size_tablet=&#8221;24px&#8221; text_font_size_phone=&#8221;16px&#8221; text_font_size_last_edited=&#8221;on|tablet&#8221; locked=&#8221;off&#8221; global_colors_info=&#8221;{}&#8221;]<\/p>\n<h6 style=\"text-align: left;\">1056 Budapest, Belgr\u00e1d rkp. 18.<\/h6>\n<p>[\/et_pb_text][et_pb_text content_tablet=&#8221;<\/p>\n<h6><\/h6>\n<p><strong>Rendezv\u00e9ny \/ konferencia<\/strong>:  L\u00e9pjen vel\u00fcnk kapcsolatba!<\/p>\n<p><em>+36 1 318 1144  \/\/  info@bambuszliget.hu<\/em><\/p>\n<p>&#8221; content_phone=&#8221;<\/p>\n<h6><\/h6>\n<p><strong>Rendezv\u00e9ny \/ konferencia<\/strong>:  L\u00e9pjen vel\u00fcnk kapcsolatba!<\/p>\n<p><em>+36 1 318 1144  \/\/  info@bambuszliget.hu<\/em><\/p>\n<p>&#8221; content_last_edited=&#8221;on|desktop&#8221; _builder_version=&#8221;4.27.4&#8243; text_font=&#8221;Montserrat||||||||&#8221; text_text_color=&#8221;#FFFFFF&#8221; text_font_size=&#8221;20px&#8221; text_line_height=&#8221;1.5em&#8221; link_text_color=&#8221;#df5518&#8243; header_6_font_size=&#8221;16px&#8221; header_6_line_height=&#8221;1.4em&#8221; text_orientation=&#8221;center&#8221; width=&#8221;100%&#8221; text_font_size_tablet=&#8221;24px&#8221; text_font_size_phone=&#8221;16px&#8221; text_font_size_last_edited=&#8221;on|tablet&#8221; locked=&#8221;off&#8221; global_colors_info=&#8221;{}&#8221;]<\/p>\n<h6 style=\"text-align: left;\"><\/h6>\n<p style=\"text-align: left;\"><strong>Rendezv\u00e9ny \/ konferencia<\/strong>: \u00a0L\u00e9pjen vel\u00fcnk kapcsolatba!<\/p>\n<p style=\"text-align: left;\"><em>+36 1 318 1144 \u00a0\/\/ \u00a0info@bambuszliget.hu<\/em><\/p>\n<p>[\/et_pb_text][et_pb_button button_url=&#8221;tel:+3613181144&#8243; button_text=&#8221;H\u00edvj minket most&#8221; button_alignment=&#8221;left&#8221; button_alignment_tablet=&#8221;center&#8221; button_alignment_phone=&#8221;center&#8221; button_alignment_last_edited=&#8221;on|desktop&#8221; _builder_version=&#8221;4.27.4&#8243; _module_preset=&#8221;default&#8221; custom_button=&#8221;on&#8221; button_text_color=&#8221;#FFFFFF&#8221; button_border_width=&#8221;5px&#8221; button_border_radius=&#8221;0px&#8221; button_font=&#8221;Montserrat|600|||||||&#8221; custom_padding=&#8221;5px|30px|5px|30px|false|true&#8221; animation_style=&#8221;fade&#8221; animation_duration=&#8221;2000ms&#8221; custom_css_free_form=&#8221;@media (min-width: 980px) {||.menu_cta {||background-color: #ff6900;||color: #fff;||padding: 0 !important;||}||.menu_cta a {||color: #fff !important;||padding: 10px 15px 10px 35px !important;||}||||.menu_cta a:before {||content: &#8216;%92e090&#8217;;||color: #fff;||font-family: &#8216;ETmodules&#8217;;||font-size: 16px;||line-height: 1;||position: absolute;||left: 12px;||}||}&#8221; global_colors_info=&#8221;{}&#8221;][\/et_pb_button][\/et_pb_column][\/et_pb_row][\/et_pb_section]<\/p>\n","protected":false},"excerpt":{"rendered":"<p>ASZTALFOGLAL\u00c1SNYITVATART\u00c1S Mindennap: \u00a0 12:00 &#8211; 22:001056 Budapest, Belgr\u00e1d rkp. 18. Rendezv\u00e9ny \/ konferencia: \u00a0L\u00e9pjen vel\u00fcnk kapcsolatba! +36 1 318 1144 \u00a0\/\/ \u00a0info@bambuszliget.hu<\/p>\n","protected":false},"author":1,"featured_media":0,"parent":0,"menu_order":0,"comment_status":"closed","ping_status":"closed","template":"","meta":{"_et_pb_use_builder":"on","_et_pb_old_content":"","_et_gb_content_width":"","footnotes":""},"class_list":["post-1328","page","type-page","status-publish","hentry"],"_links":{"self":[{"href":"https:\/\/bambuszliget.hu\/hu_hu\/wp-json\/wp\/v2\/pages\/1328","targetHints":{"allow":["GET"]}}],"collection":[{"href":"https:\/\/bambuszliget.hu\/hu_hu\/wp-json\/wp\/v2\/pages"}],"about":[{"href":"https:\/\/bambuszliget.hu\/hu_hu\/wp-json\/wp\/v2\/types\/page"}],"author":[{"embeddable":true,"href":"https:\/\/bambuszliget.hu\/hu_hu\/wp-json\/wp\/v2\/users\/1"}],"replies":[{"embeddable":true,"href":"https:\/\/bambuszliget.hu\/hu_hu\/wp-json\/wp\/v2\/comments?post=1328"}],"version-history":[{"count":11,"href":"https:\/\/bambuszliget.hu\/hu_hu\/wp-json\/wp\/v2\/pages\/1328\/revisions"}],"predecessor-version":[{"id":1380,"href":"https:\/\/bambuszliget.hu\/hu_hu\/wp-json\/wp\/v2\/pages\/1328\/revisions\/1380"}],"wp:attachment":[{"href":"https:\/\/bambuszliget.hu\/hu_hu\/wp-json\/wp\/v2\/media?parent=1328"}],"curies":[{"name":"wp","href":"https:\/\/api.w.org\/{rel}","templated":true}]}}